{"id":4667,"date":"2024-02-01T09:32:05","date_gmt":"2024-02-01T09:32:05","guid":{"rendered":"https:\/\/www.pintaypinto.com\/?post_type=product&#038;p=4667"},"modified":"2024-10-11T20:57:36","modified_gmt":"2024-10-11T20:57:36","slug":"mapa-mudo-interactivo-europa","status":"publish","type":"product","link":"https:\/\/www.pintaypinto.com\/it\/producto\/mapa-mudo-interactivo-europa\/","title":{"rendered":"Mapa Mudo Interactivo Europa"},"content":{"rendered":"<p>El mapa mudo interactivo de Europa es una versi\u00f3n digital e interactiva del mapa impreso que te ofrecer\u00e1 mapas digitales, mapas interactivos y juegos interactivos a trav\u00e9s de la aplicaci\u00f3n gratuita de Genially<\/p>\n<p>Descubre la fascinante experiencia del <strong>Mapa Mudo Interactivo Europa.<\/strong> Con la versi\u00f3n digital del mapa impreso, podr\u00e1s personalizar tu aprendizaje con distintas variaciones de mapas f\u00edsicos y pol\u00edticos, explorando nombres de r\u00edos, mares, cordilleras y mucho m\u00e1s.<\/p>\n<p>En el mapa mudo interactivo Europa los <strong>desaf\u00edos interactivos<\/strong> hacen que aprender sea un juego, ofreciendo una forma divertida de revisar tus conocimientos de <strong>geograf\u00eda europea<\/strong>.<\/p>\n<p>Benef\u00edciate de nuestra completa colecci\u00f3n de mapas mudos de Europa <strong>descargables en PDF<\/strong>. Descarga mapas detallados de la geograf\u00eda f\u00edsica, pol\u00edticos en formato A4. Explora sistemas monta\u00f1osos, sigue los cursos de r\u00edos y conoce los pa\u00edses en profundidad.<\/p>\n<p>Adem\u00e1s, hemos preparado PDF en A4 de cada pa\u00eds y banderas,\u00a0 ideales para trabajar de forma individual o en grupo y realizar proyectos colaborativos.<\/p>\n<p>Nuestra colecci\u00f3n incluye <strong>mapas interactivos<\/strong> de:<\/p>\n<ul>\n<li>Principales mares e islas, r\u00edos con una breve descripci\u00f3n.<\/li>\n<li>Cordilleras y pen\u00ednsulas, principales picos y accidentes geogr\u00e1ficos.<\/li>\n<li>Pa\u00edses y\u00a0 capitales.<\/li>\n<\/ul>\n<p>Sum\u00e9rgete en los <strong>juegos interactivos<\/strong> para comprobar tus conocimientos de:<\/p>\n<ul>\n<li>Hidrograf\u00eda.<\/li>\n<li>Cordilleras y monta\u00f1as.<\/li>\n<li>Pa\u00edses y capitales.<\/li>\n<\/ul>\n<p><strong>Mapa Mudo Interactivo Europa, <\/strong>una herramienta de aprendizaje perfecta para usar en casa o en clase.<\/p>\n","protected":false},"excerpt":{"rendered":"<p>Juegos interactivos y explicaciones en versi\u00f3n digital. Descargas gratuitas de mapas en PDF. Disponible en 4 idiomas. Aprende geograf\u00eda y divi\u00e9rtete.<\/p>\n","protected":false},"featured_media":5459,"comment_status":"open","ping_status":"closed","template":"","meta":{"_acf_changed":false,"inline_featured_image":false,"_themeisle_gutenberg_block_has_review":false},"product_brand":[],"product_cat":[43],"product_tag":[],"class_list":{"0":"post-4667","1":"product","2":"type-product","3":"status-publish","4":"has-post-thumbnail","6":"product_cat-mapa-mudo-interactivo","8":"first","9":"instock","10":"virtual","11":"taxable","12":"purchasable","13":"product-type-simple"},"acf":[],"_links":{"self":[{"href":"https:\/\/www.pintaypinto.com\/it\/wp-json\/wp\/v2\/product\/4667"}],"collection":[{"href":"https:\/\/www.pintaypinto.com\/it\/wp-json\/wp\/v2\/product"}],"about":[{"href":"https:\/\/www.pintaypinto.com\/it\/wp-json\/wp\/v2\/types\/product"}],"replies":[{"embeddable":true,"href":"https:\/\/www.pintaypinto.com\/it\/wp-json\/wp\/v2\/comments?post=4667"}],"wp:featuredmedia":[{"embeddable":true,"href":"https:\/\/www.pintaypinto.com\/it\/wp-json\/wp\/v2\/media\/5459"}],"wp:attachment":[{"href":"https:\/\/www.pintaypinto.com\/it\/wp-json\/wp\/v2\/media?parent=4667"}],"wp:term":[{"taxonomy":"product_brand","embeddable":true,"href":"https:\/\/www.pintaypinto.com\/it\/wp-json\/wp\/v2\/product_brand?post=4667"},{"taxonomy":"product_cat","embeddable":true,"href":"https:\/\/www.pintaypinto.com\/it\/wp-json\/wp\/v2\/product_cat?post=4667"},{"taxonomy":"product_tag","embeddable":true,"href":"https:\/\/www.pintaypinto.com\/it\/wp-json\/wp\/v2\/product_tag?post=4667"}],"curies":[{"name":"wp","href":"https:\/\/api.w.org\/{rel}","templated":true}]}}